{"id":4541,"date":"2020-10-29T21:00:15","date_gmt":"2020-10-29T20:00:15","guid":{"rendered":"https:\/\/calbellardino.cat\/politica-de-cookies\/"},"modified":"2020-12-02T02:13:38","modified_gmt":"2020-12-02T01:13:38","slug":"politica-de-cookies","status":"publish","type":"page","link":"https:\/\/calbellardino.cat\/es\/politica-de-cookies\/","title":{"rendered":"Pol\u00edtica de cookies"},"content":{"rendered":"\n<p>El objetivo de esta pol\u00edtica es informar a los interesados de las cookies que emplea esta p\u00e1gina web, de conformidad con lo establecido en la Ley 34\/2002, de 11 de julio, de Servicios de la Sociedad de la Informaci\u00f3n y de Comercio Electr\u00f3nico, y el Reglamento (UE) 2016\/679 del Parlamento Europeo y del Consejo de 27 de abril de 2016.<\/p>\n\n\n\n<h2 class=\"wp-block-heading\"><strong>Uso de cookies. \u00bfQu\u00e9 son las cookies?<\/strong><\/h2>\n\n\n\n<p>Las cookies (tambi\u00e9n llamadas galletas) son archivos que se descargan en tu ordenador, tel\u00e9fono inteligente, tableta u otros dispositivos al acceder a determinadas p\u00e1ginas web. La utilizaci\u00f3n de cookies, ofrece numerosas ventajas en la prestaci\u00f3n de servicios de la Sociedad de la Informaci\u00f3n, ya que, entre otros: (a) facilita la navegaci\u00f3n del usuario en el Sitio Web; (B) facilita al usuario el acceso a los diferentes servicios que ofrece el Sitio Web; (C) evita al usuario volver a configurar caracter\u00edsticas generales predefinidas cada vez que accede al Sitio Web; (D) favorece la mejora del funcionamiento y de los servicios prestados a trav\u00e9s del Sitio Web, tras el correspondiente an\u00e1lisis de la informaci\u00f3n obtenida a trav\u00e9s de las cookies instaladas; (E) permiten a un Sitio Web, entre otras cosas, almacenar y recuperar informaci\u00f3n sobre los h\u00e1bitos de navegaci\u00f3n de un usuario o de su equipo y, dependiendo de la informaci\u00f3n que contengan y de la forma en que utilice su equipo, pueden utilizarse para reconocer al usuario.<\/p>\n\n\n\n<p>La mayor\u00eda de los navegadores aceptan como est\u00e1ndar a las cookies y, con independencia de \u00e9stas, permiten o impiden en los ajustes de seguridad las cookies temporales o memorizadas.<\/p>\n\n\n\n<p>Ten en cuenta que para poder utilizar y contar con una mejor experiencia de navegaci\u00f3n, es necesario que tengas habilitadas las cookies.<\/p>\n\n\n\n<p>En caso de no querer recibir cookies, por favor, configure su navegador de internet para que las borre del disco duro de su ordenador, las bloquee o le avise en su caso de instalaci\u00f3n de estas. Para m\u00e1s informaci\u00f3n consulta el apartado \u00abC\u00f3mo bloquear o eliminar las cookies instaladas\u00bb.<\/p>\n\n\n\n<h2 class=\"wp-block-heading\"><strong>\u00bfQu\u00e9 son los scripts?<\/strong><\/h2>\n\n\n\n<p>Un script es un fragmento de c\u00f3digo de programa que se utiliza para hacer que nuestra web funcione correctamente y de manera interactiva. Este c\u00f3digo se ejecuta en nuestro servidor o en tu dispositivo.<\/p>\n\n\n\n<h2 class=\"wp-block-heading\"><strong>\u00bfQu\u00e9 tipos de cookies utiliza esta p\u00e1gina web?<\/strong><\/h2>\n\n\n\n<p>Cookies utilizadas en este sitio web<\/p>\n\n\n\n<p>Siguiendo las directrices de la Agencia Espa\u00f1ola de Protecci\u00f3n de Datos, a continuaci\u00f3n detallamos el uso de las cookies que esta p\u00e1gina web emplea, con el fin de proporcionarle la m\u00e1xima informaci\u00f3n posible.<\/p>\n\n\n\n<p><strong>Cookies Propias:<\/strong><\/p>\n\n\n\n<p>Son aquellas que se env\u00edan al equipo terminal del usuario desde un equipo o dominio gestionado por el propio editor y desde el que se presta el servicio solicitado por el usuario.<\/p>\n\n\n\n<p>A continuaci\u00f3n la lista de las que utilizamos:<\/p>\n\n\n\n<figure class=\"wp-block-table\"><table><tbody><tr><td>Nombre<\/td><td>Tipo<\/td><td>Finalidad<\/td><td>Duraci\u00f3n<\/td><\/tr><tr><td>_icl_visitor_lang_js<\/td><td>Alfanum\u00e9rica<\/td><td>Guarda la preferencia del idioma del usuario<\/td><td>menos de un mes<\/td><\/tr><tr><td>mphb_session<\/td><td>Alfanum\u00e9rica<\/td><td>Guarda el estado para el funcionamiento de la p\u00e1gina y el sistema de reservas<\/td><td>15 d\u00edas aprox.<\/td><\/tr><tr><td>_pk_id.X.XXXX<\/td><td>Alfanum\u00e9rica<\/td><td>C\u00f3digo de rastreo de Matomo (anal\u00edticas web \u00e9ticas)<\/td><td>1 a\u00f1o aprox.<\/td><\/tr><tr><td>_pk_ses.X.XXXX<\/td><td>Booleano<\/td><td>Anal\u00edticas web Matomo<\/td><td>15 d\u00edas aprox.<\/td><\/tr><tr><td>mtm_consent_removed<\/td><td>Booleano<\/td><td>Guarda su preferencia si desactiva el rastreo de Matomo desde la Pol\u00edtica de Privacidad<\/td><td>30 a\u00f1os aprox.<\/td><\/tr><tr><td>wptp_terms_XXXX<\/td><td>Alfanum\u00e9rica<\/td><td>Guarda su aceptaci\u00f3n de los documentos legales, para que no tenga que aceptarlos cada vez que entre en la p\u00e1gina web<\/td><td>3 meses aprox.<\/td><\/tr><\/tbody><\/table><\/figure>\n\n\n\n<p>Cookies de sesi\u00f3n: se borran cuando cierras el navegador o no lo utilizas durante mucho tiempo (depende de la configuraci\u00f3n del navegador, suelen durar menos de 24 horas).<\/p>\n\n\n\n<figure class=\"wp-block-table\"><table><tbody><tr><td>Nombre<\/td><td>Tipo<\/td><td>Finalidad<\/td><\/tr><tr><td>PHPSESSID<\/td><td>Alfanum\u00e9rica<\/td><td>Guarda el estado para el funcionamiento de la p\u00e1gina y el sistema de reservas<\/td><\/tr><\/tbody><\/table><\/figure>\n\n\n\n<p>Si deja un comentario en la p\u00e1gina web, puede optar por guardar el nombre, la direcci\u00f3n de correo electr\u00f3nico y la p\u00e1gina web en las galletas. Esto es para su comodidad para que no tenga que rellenar los datos de nuevo al hacer otro comentario. Estas galletas durar\u00e1n un a\u00f1o.<\/p>\n\n\n\n<p>Si tiene una cuenta y acceda en esta p\u00e1gina web, se definir\u00e1 una cookie temporal para determinar si el navegador acepta cookies. Esta cookie no contiene datos personales y se descartar\u00e1 al cerrar el navegador.<\/p>\n\n\n\n<p><strong>Cookies de Terceros:<\/strong><\/p>\n\n\n\n<p>Son aquellas que se env\u00edan al equipo terminal del usuario desde un equipo o dominio que no es gestionado por el editor, sino por otra entidad que trata los datos obtenidos trav\u00e9s de las cookies.<\/p>\n\n\n\n<p>En esta p\u00e1gina web no utilizamos cookies de terceros.<\/p>\n\n\n\n<h2 class=\"wp-block-heading\"><strong>Consentimiento<\/strong><\/h2>\n\n\n\n<p>En relaci\u00f3n con la utilizaci\u00f3n de cookies de este sitio web descritos en el apartado anterior, el usuario autoriza y consiente su uso de la siguiente forma: Cuando el usuario accede a cualquier p\u00e1gina de la web, ver\u00e1 un aviso donde se indica que la p\u00e1gina web de la empresa Cal Bellardino utiliza cookies, pudiendo el usuario aceptar o rechazar el uso de las mismas a trav\u00e9s de la configuraci\u00f3n de su navegador. Si el usuario no configura su navegador para que las cookies no se activen, al navegar por el sitio web de la empresa Cal Bellardino y utilizar sus servicios, el usuario acepta el uso que se hace de las cookies.<\/p>\n\n\n\n<h2 class=\"wp-block-heading\"><strong>C\u00f3mo bloquear o eliminar las cookies instaladas<\/strong><\/h2>\n\n\n\n<p>Puede usted permitir, bloquear o eliminar las cookies instaladas en su equipo mediante la configuraci\u00f3n de las opciones de su navegador. Puede encontrar informaci\u00f3n sobre c\u00f3mo hacerlo, en relaci\u00f3n con los navegadores m\u00e1s comunes en los enlaces que se incluyen a continuaci\u00f3n:<\/p>\n\n\n\n<p>Internet Explorer: https:\/\/support.microsoft.com\/es-es\/kb\/278835<\/p>\n\n\n\n<p>Microsoft Edge: https:\/\/privacy.microsoft.com\/es-es\/windows-10-microsoft-edge-and-privacy<\/p>\n\n\n\n<p>Chrome: https:\/\/support.google.com\/chrome\/answer\/95647?co=GENIE.Platform%3DDesktop&amp;hl=esttp:\/\/support.google.com\/chrome\/bin\/answer.py?hl=es&amp;answer=95647<\/p>\n\n\n\n<p>Firefox: http:\/\/support.mozilla.org\/es\/kb\/Borrar%20cookies<\/p>\n\n\n\n<p>Safari: http:\/\/support.apple.com\/kb\/ph5042<\/p>\n\n\n\n<p>Le informamos, sin embargo, de la posibilidad de que la desactivaci\u00f3n de alguna cookie impida o dificulte la navegaci\u00f3n o la prestaci\u00f3n de los servicios ofrecidos en la p\u00e1gina web.<\/p>\n\n\n\n<h2 class=\"wp-block-heading\"><strong>Modificaciones<\/strong><\/h2>\n\n\n\n<p>La presente pol\u00edtica de cookies puede verse modificada en funci\u00f3n de las exigencias legales establecidas o con el fin de adaptar esta pol\u00edtica a las instrucciones dictadas por la Agencia Espa\u00f1ola de Protecci\u00f3n de Datos.<\/p>\n\n\n\n<p>Por esta raz\u00f3n, aconsejamos a los usuarios que visiten peri\u00f3dicamente nuestra pol\u00edtica de cookies.<\/p>\n\n\n\n<p>Cuando se produzcan cambios significativos en esta pol\u00edtica, en la medida de nuestras posibilidades, comunicaremos a los usuarios estos cambios mediante un aviso en nuestra p\u00e1gina web.<\/p>\n\n\n\n<p>Si tiene dudas sobre esta pol\u00edtica de cookies, puede contactar con la empresa Cal Bellardino a trav\u00e9s del correo electr\u00f3nico info@calbellardino.cat o del formulario de contacto en la web.<\/p>\n","protected":false},"excerpt":{"rendered":"<p>El objetivo de esta pol\u00edtica es informar a los interesados de las cookies que emplea esta p\u00e1gina web, de conformidad con lo establecido en la Ley 34\/2002, de 11 de julio, de Servicios de la Sociedad de la Informaci\u00f3n y [&hellip;]<\/p>\n","protected":false},"author":1,"featured_media":0,"parent":0,"menu_order":0,"comment_status":"closed","ping_status":"closed","template":"","meta":{"footnotes":""},"class_list":["post-4541","page","type-page","status-publish","hentry"],"_links":{"self":[{"href":"https:\/\/calbellardino.cat\/es\/wp-json\/wp\/v2\/pages\/4541","targetHints":{"allow":["GET"]}}],"collection":[{"href":"https:\/\/calbellardino.cat\/es\/wp-json\/wp\/v2\/pages"}],"about":[{"href":"https:\/\/calbellardino.cat\/es\/wp-json\/wp\/v2\/types\/page"}],"author":[{"embeddable":true,"href":"https:\/\/calbellardino.cat\/es\/wp-json\/wp\/v2\/users\/1"}],"replies":[{"embeddable":true,"href":"https:\/\/calbellardino.cat\/es\/wp-json\/wp\/v2\/comments?post=4541"}],"version-history":[{"count":1,"href":"https:\/\/calbellardino.cat\/es\/wp-json\/wp\/v2\/pages\/4541\/revisions"}],"predecessor-version":[{"id":4542,"href":"https:\/\/calbellardino.cat\/es\/wp-json\/wp\/v2\/pages\/4541\/revisions\/4542"}],"wp:attachment":[{"href":"https:\/\/calbellardino.cat\/es\/wp-json\/wp\/v2\/media?parent=4541"}],"curies":[{"name":"wp","href":"https:\/\/api.w.org\/{rel}","templated":true}]}}