{"id":4552,"date":"2020-12-02T01:47:10","date_gmt":"2020-12-02T00:47:10","guid":{"rendered":"https:\/\/calbellardino.cat\/?page_id=4552"},"modified":"2020-12-02T02:15:22","modified_gmt":"2020-12-02T01:15:22","slug":"terminos-y-condiciones","status":"publish","type":"page","link":"https:\/\/calbellardino.cat\/es\/terminos-y-condiciones\/","title":{"rendered":"T\u00e9rminos y Condiciones"},"content":{"rendered":"\n<p>Resumen: Al usar nuestra p\u00e1gina web te comprometes a hacer un buen uso de esta, as\u00ed como de sus herramientas y formularios. Los datos que introduzcas deben ser verdaderos. Todos los derechos sobre la propiedad industrial e intelectual de la p\u00e1gina web est\u00e1n reservados.<\/p>\n\n\n\n<p>No garantizamos un correcto funcionamiento o la veracidad de los contenidos publicados (aunque nos esforzamos para que sea as\u00ed), ni somos responsables de las consecuencias que se puedan derivar tanto por problemas internos como por problemas externos o en las webs enlazadas. De todos modos, si detectas alg\u00fan problema o incidencia puedes contactarnos mediante el formulario de contacto o el correo electr\u00f3nico info@calbellardino.cat e intentaremos arreglarlo o ayudarte.<\/p>\n\n\n\n<h2 class=\"wp-block-heading\"><strong>Datos identificativos<\/strong><\/h2>\n\n\n\n<p>En cumplimiento con el deber de informaci\u00f3n recogido en art\u00edculo 10 de la Ley 34\/2002, de 11 de julio, de Servicios de la Sociedad de la Informaci\u00f3n y de Comercio Electr\u00f3nico, le informamos:<\/p>\n\n\n\n<p>Usted est\u00e1 visitando la p\u00e1gina web https:\/\/calbellardino.cat titularidad de la empresa Cal Bellardino con domicilio social en C\/ Enric Ventosa, 4 la Bisbal de Falset 43372, con N.I.F. 39883103E, en adelante EL TITULAR.<\/p>\n\n\n\n<p>EL TITULAR es en la actualidad el encargado de la explotaci\u00f3n, gesti\u00f3n y funcionamiento de la p\u00e1gina web https:\/\/calbellardino.cat.<\/p>\n\n\n\n<p>Puede contactar con el TITULAR por cualquiera de los siguientes medios:<\/p>\n\n\n\n<p>Tel\u00e9fono: + 34 659 921 862<\/p>\n\n\n\n<p>Correo electr\u00f3nico de contacto: <a href=\"mailto:info@calbellardino.cat\">info@calbellardino.cat<\/a><\/p>\n\n\n\n<p>Otras formas de contacto: <a href=\"https:\/\/calbellardino.cat\/es\/contacta\">https:\/\/calbellardino.cat\/es\/contacta<\/a><\/p>\n\n\n\n<p><strong>Alojamiento web<\/strong><\/p>\n\n\n\n<p>Hostinger.es<\/p>\n\n\n\n<p>Hostinger International Ltd.<\/p>\n\n\n\n<p>61 Lordou Vironos Street<\/p>\n\n\n\n<p>6023 Larnaca, Cyprus<\/p>\n\n\n\n<p>Contacto: <a href=\"https:\/\/www.hostinger.es\/contactos\" target=\"_blank\" rel=\"noreferrer noopener\">https:\/\/www.hostinger.es\/contactos<\/a><\/p>\n\n\n\n<h2 class=\"wp-block-heading\"><strong>Usuarios<\/strong><\/h2>\n\n\n\n<p>Las presentes condiciones tienen por finalidad regular el uso de la p\u00e1gina web del TITULAR que pone a disposici\u00f3n del p\u00fablico.<\/p>\n\n\n\n<p>El acceso y\/o uso de esta p\u00e1gina web atribuye la condici\u00f3n de USUARIO, que acepta, desde dicho acceso y\/o uso, las condiciones generales de uso aqu\u00ed reflejadas. Las citadas condiciones ser\u00e1n de aplicaci\u00f3n independientemente de las condiciones generales de contrataci\u00f3n que en su caso resulten de obligado cumplimiento.<\/p>\n\n\n\n<h2 class=\"wp-block-heading\"><strong>Uso del portal<\/strong><\/h2>\n\n\n\n<p>https:\/\/calbellardino.cat proporciona el acceso a multitud de servicios, informaci\u00f3n, programas o datos (en adelante, \u00ablos contenidos\u00bb) en Internet pertenecientes al TITULAR o a sus licenciantes a los que el USUARIO puede tener acceso.<\/p>\n\n\n\n<p>El usuario asume la responsabilidad del uso del portal. Esta responsabilidad se extiende al formulario de reservas y de contacto, as\u00ed como al registro que sea necesario para acceder a determinados servicios o contenidos. En todos los formularios el USUARIO ser\u00e1 responsable de aportar informaci\u00f3n veraz y l\u00edcita para poder resolver sus peticiones, dudas, sugerencias o reclamaciones.<\/p>\n\n\n\n<p>Como consecuencia de este registro, al USUARIO se le puede proporcionar una contrase\u00f1a de la que ser\u00e1 responsable, comprometi\u00e9ndose a hacer un uso diligente y confidencial de la misma.<\/p>\n\n\n\n<p>El USUARIO se compromete a hacer un uso adecuado de los contenidos y servicios que EL TITULAR ofrece a trav\u00e9s de su portal y con car\u00e1cter enunciativo pero no limitativo, a no emplearlos para:<\/p>\n\n\n\n<ul class=\"wp-block-list\"><li>Incurrir en actividades il\u00edcitas, ilegales o contrarias a la buena fe y al orden p\u00fablico.<\/li><li>Difundir contenidos o propaganda de car\u00e1cter racista, xen\u00f3fobo, pornogr\u00e1fico-ilegal, sexista, de apolog\u00eda de terrorismo o que atente contra los derechos humanos.<\/li><li>Intentar acceder y, en su caso, utilizar las cuentas de correo electr\u00f3nico de otros usuarios y modificar o manipular sus mensajes.<\/li><li>Provocar da\u00f1os en los sistemas f\u00edsicos y l\u00f3gicos del TITULAR, de sus proveedores o de terceras personas, introducir o difundir en la red virus inform\u00e1ticos o cualesquiera otros sistemas f\u00edsicos o l\u00f3gicos que sean susceptibles de provocar los da\u00f1os anteriormente mencionados.<\/li><\/ul>\n\n\n\n<p>El usuario se abstendr\u00e1 de emplear medios que puedan suprimir, alterar, eludir o manipular cualquier dispositivo de protecci\u00f3n o sistemas de seguridad que puedan estar instalados y que comporten un riesgo o da\u00f1o o inutilizaci\u00f3n del sitio web y\/o sus contenidos.<\/p>\n\n\n\n<p>EL TITULAR no se responsabiliza el posible uso inapropiado que terceros realicen de esta p\u00e1gina web, ni de la informaci\u00f3n que a trav\u00e9s de ella transmitan a terceros. El uso de los contenidos que pueda hacer el usuario y las eventuales consecuencias, da\u00f1os o perjuicios que pudieran derivarse, son de la exclusiva responsabilidad del usuario. EL TITULAR excluye los da\u00f1os y perjuicios de toda naturaleza causados \u200b\u200ba los usuarios por el uso de enlaces (links), directorios y herramientas de b\u00fasqueda, que permiten a los usuarios acceder a sitios web pertenecientes y\/o gestionados por terceros as\u00ed como de la presencia de virus u otros c\u00f3digos maliciosos en los contenidos que puedan producir cualquier tipo de da\u00f1os en el sistema inform\u00e1tico, documentos electr\u00f3nicos o ficheros de los usuarios. EL TITULAR se reserva el derecho de ejercitar las acciones legales que considere oportunas derivadas de cualquier uso il\u00edcito por parte de terceros de los contenidos de su p\u00e1gina web.<\/p>\n\n\n\n<h2 class=\"wp-block-heading\"><strong>Protecci\u00f3n de datos<\/strong><\/h2>\n\n\n\n<p>Todo lo relativo a la pol\u00edtica de protecci\u00f3n de datos se encuentra recogido en la p\u00e1gina de <a href=\"https:\/\/calbellardino.cat\/es\/politica-de-privacidad\/\">pol\u00edtica de privacidad<\/a>.<\/p>\n\n\n\n<h2 class=\"wp-block-heading\"><strong>Contenidos: Propiedad intelectual e industrial<\/strong><\/h2>\n\n\n\n<p>EL TITULAR es propietario de todos los derechos de propiedad intelectual e industrial de su p\u00e1gina web, as\u00ed como de los elementos contenidos en la misma (a t\u00edtulo enunciativo: im\u00e1genes, fotograf\u00edas, sonido, audio, v\u00eddeo, software o textos, marcas o logotipos, combinaciones de colores, estructura y dise\u00f1o, selecci\u00f3n de materiales usados, programas de ordenador necesarios para su funcionamiento, acceso y uso, etc.), titularidad del TITULAR por \u00e9l mismo o como cesionario.<\/p>\n\n\n\n<p>Todos los derechos reservados. En virtud de lo dispuesto en los art\u00edculos 8 y 32.1, p\u00e1rrafo segundo, de la Ley de Propiedad Intelectual, quedan expresamente prohibidas la reproducci\u00f3n, la distribuci\u00f3n y la comunicaci\u00f3n p\u00fablica, incluida su modalidad de puesta a disposici\u00f3n, de la totalidad o parte de los contenidos de esta p\u00e1gina web, con fines comerciales, en cualquier soporte y por cualquier medio t\u00e9cnico, sin la autorizaci\u00f3n del TITULAR.<\/p>\n\n\n\n<h2 class=\"wp-block-heading\"><strong>Exclusi\u00f3n de garant\u00edas y responsabilidad<\/strong><\/h2>\n\n\n\n<p>El USUARIO reconoce que la utilizaci\u00f3n de la p\u00e1gina web y de sus contenidos y servicios se desarrolla bajo su exclusiva responsabilidad. En concreto, a t\u00edtulo meramente enunciativo, EL TITULAR no asume ninguna responsabilidad en los siguientes \u00e1mbitos:<\/p>\n\n\n\n<p>La disponibilidad del funcionamiento de la p\u00e1gina web, sus servicios y contenidos y su calidad o interoperabilidad.<\/p>\n\n\n\n<p>La finalidad para la que la p\u00e1gina web sirva a los objetivos del USUARIO.<\/p>\n\n\n\n<p>La infracci\u00f3n de la legislaci\u00f3n vigente por parte del USUARIO o terceros y, en concreto, los derechos de propiedad intelectual e industrial que sean titularidad de otras personas o entidades.<\/p>\n\n\n\n<p>La existencia de c\u00f3digos maliciosos o cualquier otro elemento inform\u00e1tico da\u00f1ino que pudiera causar el sistema inform\u00e1tico del USUARIO o de terceros. Corresponde al USUARIO, en todo caso, disponer de herramientas adecuadas para la detecci\u00f3n y desinfecci\u00f3n de estos elementos.<\/p>\n\n\n\n<p>El acceso fraudulento a los contenidos o servicios por terceros no autorizados, o, en su caso, la captura, eliminaci\u00f3n, alteraci\u00f3n, modificaci\u00f3n o manipulaci\u00f3n de los mensajes y comunicaciones de cualquier clase que estos terceros pudiesen realizar.<\/p>\n\n\n\n<p>La exactitud, veracidad, actualidad y utilidad de los contenidos y servicios ofrecidos y la utilizaci\u00f3n posterior que de ellos haga el USUARIO. EL TITULAR emplear\u00e1 todos los esfuerzos y medios razonables para facilitar la informaci\u00f3n actualizada y fehaciente.<\/p>\n\n\n\n<p>Los da\u00f1os producidos en equipos inform\u00e1ticos durante el acceso a la p\u00e1gina web y los da\u00f1os producidos a los USUARIOS cuando tengan su origen en fallos o desconexiones en las redes de telecomunicaciones que interrumpan el servicio.<\/p>\n\n\n\n<p>Los da\u00f1os o perjuicios que se deriven de circunstancias acaecidas por caso fortuito o fuerza mayor.<\/p>\n\n\n\n<p>El TITULAR no se hace responsable del contenido de los mensajes enviados por el USUARIO.<\/p>\n\n\n\n<h2 class=\"wp-block-heading\"><strong>Modificaci\u00f3n de este aviso legal y duraci\u00f3n<\/strong><\/h2>\n\n\n\n<p>EL TITULAR se reserva el derecho de efectuar sin previo aviso las modificaciones que considere oportunas en su portal, pudiendo cambiar, suprimir o a\u00f1adir tantos contenidos y servicios que se presten a trav\u00e9s de \u00e9sta, como la forma en la que \u00e9stos aparezcan representados o localizados en su portal.<\/p>\n\n\n\n<p>La vigencia de las citadas condiciones ir\u00e1 en funci\u00f3n de su exposici\u00f3n y estar\u00e1n vigentes hasta que sean modificadas por otras debidamente publicadas.<\/p>\n\n\n\n<h2 class=\"wp-block-heading\"><strong>Enlaces<\/strong><\/h2>\n\n\n\n<p>En los enlaces hacia otros sitios de internet publicados en https:\/\/calbellardino.cat, EL TITULAR no ejercer\u00e1 ning\u00fan tipo de control sobre dichos sitios y contenidos. En ning\u00fan caso EL TITULAR asumir\u00e1 responsabilidad por los contenidos de alg\u00fan enlace perteneciente a un sitio web ajeno, ni garantizar\u00e1 la disponibilidad t\u00e9cnica, calidad, fiabilidad, exactitud, amplitud, veracidad, validez y constitucionalidad de cualquier materia o informaci\u00f3n contenida en ninguno de estos enlaces y otros sitios en Internet. Igualmente, la inclusi\u00f3n de estas conexiones externas no implicar\u00e1 ning\u00fan tipo de asociaci\u00f3n, fusi\u00f3n o participaci\u00f3n con las entidades conectadas. Los problemas que puedan surgir ser\u00e1n responsabilidad de estos sitios ajenos, y en ning\u00fan caso del TITULAR.<\/p>\n\n\n\n<h2 class=\"wp-block-heading\"><strong>Comentarios<\/strong><\/h2>\n\n\n\n<p>El TITULAR se reserva el derecho a modificar o eliminar cualquier comentario p\u00fablico de la p\u00e1gina web que considere inoportuno, enga\u00f1oso o que incumpla con cualquiera de las condiciones de uso del portal mencionadas en apartados anteriores.<\/p>\n\n\n\n<h2 class=\"wp-block-heading\"><strong>Derechos de exclusi\u00f3n<\/strong><\/h2>\n\n\n\n<p>EL TITULAR se reserva el derecho a denegar o retirar el acceso a portal y \/ o los servicios ofrecidos sin necesidad de advertencia previa, a instancia propia o de un tercero, a aquellos usuarios que incumplan el contenido de este aviso legal.<\/p>\n\n\n\n<h2 class=\"wp-block-heading\"><strong>Generalidades<\/strong><\/h2>\n\n\n\n<p>EL TITULAR perseguir\u00e1 el incumplimiento de las presentes condiciones as\u00ed como cualquier utilizaci\u00f3n indebida de su portal ejerciendo todas las acciones civiles y penales que le puedan corresponder en derecho.<\/p>\n\n\n\n<h2 class=\"wp-block-heading\"><strong>Legislaci\u00f3n aplicable y jurisdicci\u00f3n<\/strong><\/h2>\n\n\n\n<p>La relaci\u00f3n entre EL TITULAR y el USUARIO se regir\u00e1 por la normativa espa\u00f1ola vigente. Todas las disputas y reclamaciones derivadas de este aviso legal se resolver\u00e1n por los juzgados y tribunales espa\u00f1oles.<\/p>\n\n\n\n<h2 class=\"wp-block-heading\"><strong>Menores de edad<\/strong><\/h2>\n\n\n\n<p>https:\/\/calbellardino.cat dirige sus servicios a usuarios mayores de 18 a\u00f1os. Los menores de esta edad no est\u00e1n autorizados a utilizar nuestros servicios y no deben enviarnos sus datos personales. Informamos que, si se da tal circunstancia, el TITULAR no se hace responsable de las posibles consecuencias que pudieran derivarse del incumplimiento del aviso que en esta cl\u00e1usula se establece.<\/p>\n","protected":false},"excerpt":{"rendered":"<p>Resumen: Al usar nuestra p\u00e1gina web te comprometes a hacer un buen uso de esta, as\u00ed como de sus herramientas y formularios. Los datos que introduzcas deben ser verdaderos. Todos los derechos sobre la propiedad industrial e intelectual de la [&hellip;]<\/p>\n","protected":false},"author":1,"featured_media":0,"parent":0,"menu_order":0,"comment_status":"closed","ping_status":"closed","template":"","meta":{"footnotes":""},"class_list":["post-4552","page","type-page","status-publish","hentry"],"_links":{"self":[{"href":"https:\/\/calbellardino.cat\/es\/wp-json\/wp\/v2\/pages\/4552","targetHints":{"allow":["GET"]}}],"collection":[{"href":"https:\/\/calbellardino.cat\/es\/wp-json\/wp\/v2\/pages"}],"about":[{"href":"https:\/\/calbellardino.cat\/es\/wp-json\/wp\/v2\/types\/page"}],"author":[{"embeddable":true,"href":"https:\/\/calbellardino.cat\/es\/wp-json\/wp\/v2\/users\/1"}],"replies":[{"embeddable":true,"href":"https:\/\/calbellardino.cat\/es\/wp-json\/wp\/v2\/comments?post=4552"}],"version-history":[{"count":1,"href":"https:\/\/calbellardino.cat\/es\/wp-json\/wp\/v2\/pages\/4552\/revisions"}],"predecessor-version":[{"id":4553,"href":"https:\/\/calbellardino.cat\/es\/wp-json\/wp\/v2\/pages\/4552\/revisions\/4553"}],"wp:attachment":[{"href":"https:\/\/calbellardino.cat\/es\/wp-json\/wp\/v2\/media?parent=4552"}],"curies":[{"name":"wp","href":"https:\/\/api.w.org\/{rel}","templated":true}]}}